{"id":555,"date":"2022-11-28T08:51:36","date_gmt":"2022-11-28T08:51:36","guid":{"rendered":"http:\/\/1chaincapital.loc\/?page_id=555"},"modified":"2024-01-12T09:58:49","modified_gmt":"2024-01-12T09:58:49","slug":"sobre-nos","status":"publish","type":"page","link":"https:\/\/investingcy.com\/pt-pt\/sobre-nos\/","title":{"rendered":"Sobre n\u00f3s"},"content":{"rendered":"<div class=\"slider-bg-box\" style=\"background-image:linear-gradient(90deg, #0c0c12 0, rgba(255, 255, 255, 0) 100%), url(\/wp-content\/themes\/theforest\/images\/header-bg-legal.webp)\">\n\t<div class=\"hero-section desktop\">\n\t\t<div class=\"container\"><div class=\"h3\">O poder por tr\u00e1s da sua negocia\u00e7\u00e3o<\/div><div class=\"h1\">Sobre n\u00f3s<\/div><\/div>\n\t<\/div>\n<\/div>\n<p><main><\/p>\n<section id=\"about_us_main_container\" class=\"header-box\">\n<div class=\"container AT-comp-pricing-container main-box-description text-center\" id=\"about-us-main-box\">\n<p class=\"light-gray mb-2\">A Investingcy \u00e9 uma corretora FX &amp; CFD mundialmente reconhecida, regulamentada desde 2012. Temos presen\u00e7a em mais de 15 pa\u00edses, proporcionando negocia\u00e7\u00f5es competitivas, condi\u00e7\u00f5es e atendimento premium a clientes de todo o mundo.<\/p>\n<p>A nossa equipe de gest\u00e3o tem mais de 10 anos de experi\u00eancia no setor e estamos focados em colocar os clientes em primeiro lugar. Temos experi\u00eancia para o provar.<\/p>\n<\/div>\n<\/section>\n<section id=\"our-brands\">\n<div class=\"container\">\n<div class=\"row\">\n<div class=\"col-12\">\n<h3 class=\"section-title py-5\">Os Nossos Valores de Marca<\/h3>\n<\/div>\n<\/div>\n<div class=\"row justify-content-center\">\n<div class=\"col-12 col-lg-10\">\n<div class=\"row align-items-end\">\n<div class=\"col-6 col-lg-3 p-0 mb-5\">\n<div class=\"text-center\">\n<div class=\"py-3\"><img loading=\"lazy\" decoding=\"async\" src=\"\/wp-content\/themes\/theforest\/images\/integrity.svg\" alt=\"Integrity\" width=\"65\" height=\"75\"><\/div>\n<h5 class=\"light-gray\"> Integridade<\/h5>\n<\/div>\n<\/div>\n<div class=\"col-6 col-lg-3 p-0 mb-5\">\n<div class=\"text-center\">\n<div class=\"left-bordered-info-box\">\n<div class=\"py-3\"><img loading=\"lazy\" decoding=\"async\" src=\"\/wp-content\/themes\/theforest\/images\/ambition.svg\" alt=\"Ambition\" width=\"65\" height=\"75\"><\/div>\n<h5 class=\"light-gray\"> Ambi\u00e7\u00e3o<\/h5>\n<\/div>\n<\/div>\n<\/div>\n<div class=\"col-6 col-lg-3 p-0 mb-5\">\n<div class=\"text-center\">\n<div class=\"left-bordered-info-box\">\n<div class=\"py-3\"><img loading=\"lazy\" decoding=\"async\" src=\"\/wp-content\/themes\/theforest\/images\/inspiration.svg\" alt=\"Inspiration\" width=\"65\" height=\"75\"><\/div>\n<h5 class=\"light-gray\"> Inspira\u00e7\u00e3o<\/h5>\n<\/div>\n<\/div>\n<\/div>\n<div class=\"col-6 col-lg-3 p-0 mb-5\">\n<div class=\"text-center\">\n<div class=\"left-bordered-info-box\">\n<div class=\"py-3\"><img loading=\"lazy\" decoding=\"async\" src=\"\/wp-content\/themes\/theforest\/images\/excellence.svg\" alt=\"Excellence\" width=\"65\" height=\"75\"><\/div>\n<h5 class=\"light-gray\"> Excel\u00eancia<\/h5>\n<\/div>\n<\/div>\n<\/div>\n<\/div>\n<\/div>\n<\/div>\n<\/div>\n<\/section>\n<section class=\"section-splitter\"><\/section>\n<section id=\"regulation\" class=\"grey-section\">\n<div class=\"container\">\n<div class=\"row\">\n<\/div>\n<div class=\"row justify-content-center\">\n<div class=\"col-12 col-lg-10\">\n<div class=\"row\"><\/div>\n<\/div>\n<\/div>\n<\/div>\n<\/section>\n<section id=\"insurance\" class=\"grey-section\">\n<div class=\"container-fluid\">\n<div class=\"row pt-5\">\n<div class=\"col-12 col-lg-6 order-12 order-lg-1 pb-5\" id=\"market-desc\">\n<div class=\"row pb-5\">\n<div class=\"col-12 col-lg-8 pb-lg-5 offset-lg-3\">\n<h3 class=\"section-title pb-3 text-left\"> Ap\u00f3lice de seguro<\/h3>\n<p class=\"font-weight-light\">Seguro de 500.000 USD A ap\u00f3lice est\u00e1 efectiva desde 01 de junho de 2022 at\u00e9 31 de maio de 2023. At\u00e9 500.000 USD por Requerente, sujeito aos limites e temos das condi\u00e7\u00f5es da Ap\u00f3lice. Um Requerente \u00e9 um Cliente do segurado que (i) \u00e9 um requerente elig\u00edvel respeitante ao evento de insolv\u00eancia (ii) requereu o pedido (incluindo o formul\u00e1rio) ao accionante da insolv\u00eancia at\u00e9 12 meses depois da data do evento de insolv\u00eancia do segurado; e (iii) submeteu o Formul\u00e1rio de Compansa\u00e7\u00e3po do Investidor ao Segurado at\u00e9 12 meses depois da data do evento de insolv\u00eancia do segurado. Mais detalhes desta ap\u00f3lice podem-lhe ser enviados caso pedido.<\/p>\n<p class=\"font-weight-light\"> SEGURO de 500.000 USD<\/p>\n<\/div>\n<\/div>\n<\/div>\n<div class=\"col-12 col-lg-6 p-0 order-1 order-lg-12\" id=\"man-with-coffee-bg\" style=\"background-image:url(\/wp-content\/themes\/theforest\/images\/about-us-insurance-pic.jpeg)\"><\/div>\n<\/div>\n<\/div>\n<\/section>\n<section class=\"section-splitter about-us-splitter-2\"><\/section>\n<section id=\"awards\">\n<div class=\"container\">\n<div class=\"row\">\n<div class=\"col-12\">\n<h3 class=\"section-title pt-5 pb-2\"> Pr\u00e9mios<\/h3>\n<\/div>\n<\/div>\n<div class=\"row justify-content-center\">\n<div class=\"col-6 col-lg-3 mb-5\">\n<div class=\"icon-info-box text-center\">\n<div class=\"\"><picture><source srcset=\"\/wp-content\/themes\/theforest\/images\/award_1.jpg\" type=\"image\/jpg\"><img loading=\"lazy\" decoding=\"async\" class=\"my-3 pb-3 img-fluid\" src=\"\/wp-content\/themes\/theforest\/images\/award_1.jpg\" alt=\"Award the sunday times tech track 100\" height=\"150\" width=\"144\"><\/picture><\/div>\n<\/div>\n<\/div>\n<div class=\"col-6 col-lg-3 mb-5\">\n<div class=\"icon-info-box text-center\">\n<div class=\"\"><picture><source srcset=\"\/wp-content\/themes\/theforest\/images\/award_6.jpg\" type=\"image\/jpg\"><img loading=\"lazy\" decoding=\"async\" class=\"my-3 pb-3 img-fluid\" src=\"\/wp-content\/themes\/theforest\/images\/award_6.jpg\" alt=\"Award FX Report 2017 - Best FX Trader\" height=\"150\" width=\"144\"><\/picture><\/div>\n<\/div>\n<\/div>\n<div class=\"col-6 col-lg-3 mb-5\">\n<div class=\"icon-info-box text-center\">\n<div><picture><source srcset=\"\/wp-content\/themes\/theforest\/images\/global100-2020-Investingcy-2.jpg\" type=\"image\/jpg\"><img loading=\"lazy\" decoding=\"async\" class=\"my-3 pb-3 img-fluid\" src=\"\/wp-content\/themes\/theforest\/images\/global100-2020-Investingcy-2.jpg\" alt=\"Award Global 100 2020 winner\" height=\"150\" width=\"144\"><\/picture><\/div>\n<\/div>\n<\/div>\n<div class=\"col-6 col-lg-3 mb-5\">\n<div class=\"icon-info-box text-center\">\n<div><picture><source srcset=\"\/wp-content\/themes\/theforest\/images\/award_2.jpg\" type=\"image\/jpg\"><img loading=\"lazy\" decoding=\"async\" class=\"my-3 pb-3 img-fluid\" src=\"\/wp-content\/themes\/theforest\/images\/award_2.jpg\" alt=\"Award FX Report 2017 - Best Customer Service\" height=\"150\" width=\"144\"><\/picture><\/div>\n<\/div>\n<\/div>\n<div class=\"col-6 col-lg-3 mb-5\">\n<div class=\"icon-info-box text-center\">\n<div><picture><source srcset=\"\/wp-content\/themes\/theforest\/images\/award_3.jpg\" type=\"image\/jpg\"><img loading=\"lazy\" decoding=\"async\" class=\"my-3 pb-3 img-fluid\" src=\"\/wp-content\/themes\/theforest\/images\/award_3.jpg\" alt=\"Award Finance Forex Broker of the year 2017\" height=\"150\" width=\"144\"><\/picture><\/div>\n<\/div>\n<\/div>\n<div class=\"col-6 col-lg-3 mb-5\">\n<div class=\"icon-info-box text-center\">\n<div><picture><source srcset=\"\/wp-content\/themes\/theforest\/images\/award_4.jpg\" type=\"image\/jpg\"><img loading=\"lazy\" decoding=\"async\" class=\"my-3 pb-3 img-fluid\" src=\"\/wp-content\/themes\/theforest\/images\/award_4.jpg\" alt=\"Award Most innovative forex broker UK\" height=\"150\" width=\"144\"><\/picture><\/div>\n<\/div>\n<\/div>\n<div class=\"col-6 col-lg-3 mb-5\">\n<div class=\"icon-info-box text-center\">\n<div><picture><source srcset=\"\/wp-content\/themes\/theforest\/images\/award_5.jpg\" type=\"image\/jpg\"><img loading=\"lazy\" decoding=\"async\" class=\"my-3 pb-3 img-fluid\" src=\"\/wp-content\/themes\/theforest\/images\/award_5.jpg\" alt=\"Award gmb\" height=\"150\" width=\"144\"><\/picture><\/div>\n<\/div>\n<\/div>\n<div class=\"col-6 col-lg-3 mb-5\">\n<div class=\"icon-info-box text-center\">\n<div><picture><source srcset=\"\/wp-content\/themes\/theforest\/images\/award_gbm.jpg\" type=\"image\/jpg\"><img loading=\"lazy\" decoding=\"async\" class=\"my-3 pb-3 img-fluid\" src=\"\/wp-content\/themes\/theforest\/images\/award_gbm.jpg\" alt=\"Award gmb\" height=\"150\" width=\"144\"><\/picture><\/div>\n<\/div>\n<\/div>\n<div class=\"col-6 col-lg-3 mb-5\">\n<div class=\"icon-info-box text-center\">\n<div><picture><source srcset=\"\/wp-content\/themes\/theforest\/images\/award_1000britain.jpg\" type=\"image\/jpg\"><img loading=\"lazy\" decoding=\"async\" class=\"my-3 pb-3 img-fluid\" src=\"\/wp-content\/themes\/theforest\/images\/award_1000britain.jpg\" alt=\"Award 1000 companies to inspire britain 2020\" height=\"150\" width=\"144\"><\/picture><\/div>\n<\/div>\n<\/div>\n<div class=\"col-6 col-lg-3 mb-5\">\n<div class=\"icon-info-box text-center\">\n<div><picture><source srcset=\"\/wp-content\/themes\/theforest\/images\/Best-Trading-Account-Margin-Rates.jpg\" type=\"image\/jpg\"><img loading=\"lazy\" decoding=\"async\" class=\"my-3 pb-3 img-fluid\" src=\"\/wp-content\/themes\/theforest\/images\/Best-Trading-Account-Margin-Rates.jpg\" alt=\"best trading account\" height=\"318\" width=\"144\"><\/picture><\/div>\n<\/div>\n<\/div>\n<\/div>\n<\/div>\n<\/section>\n<section class=\"section-splitter\"><\/section>\n<section id=\"partners\" class=\"grey-section pb-5\">\n<div class=\"container\">\n<div class=\"row\">\n<div class=\"col-12\">\n<h3 class=\"section-title pt-5 pb-2\"> Os Nossos Parceiros<\/h3>\n<p class=\"pb-5 text-center\"> Temos parcerias com os melhores da ind\u00fastria para oferecer aos clientes um produto premium numa infra-estrutura global<\/p>\n<\/div>\n<\/div>\n<div class=\"row justify-content-center\">\n<div class=\"col-12 col-lg-10\">\n<div class=\"row m-auto\">\n<div class=\"col-6 col-lg-3 p-0 mb-5\">\n<div class=\"icon-info-box text-center\">\n<div class=\"my-3 img-fluid\"><picture><source srcset=\"\/wp-content\/themes\/theforest\/images\/mt4.png\" type=\"image\/png\"><img loading=\"lazy\" decoding=\"async\" src=\"\/wp-content\/themes\/theforest\/images\/mt4.png\" alt=\"MetaTrader 4\" height=\"70\" width=\"70\"><\/picture><\/div>\n<h5 class=\"light-gray\">MetaTrader 4<\/h5>\n<\/div>\n<\/div>\n<div class=\"col-6 col-lg-3 p-0 mb-5\">\n<div class=\"icon-info-box text-center\">\n<div class=\"left-bordered-info-box\">\n<div class=\"my-3 img-fluid\"><picture><source srcset=\"\/wp-content\/themes\/theforest\/images\/mt5.png\" type=\"image\/png\"><img loading=\"lazy\" decoding=\"async\" src=\"\/wp-content\/themes\/theforest\/images\/mt5.png\" alt=\"MetaTrader 4\" width=\"85\" height=\"70\"><\/picture><\/div>\n<h5 class=\"light-gray\">MetaTrader 5<\/h5>\n<\/div>\n<\/div>\n<\/div>\n<div class=\"col-6 col-lg-3 p-0 mb-5\">\n<div class=\"icon-info-box text-center\">\n<div class=\"left-bordered-info-box\">\n<div class=\"my-3 img-fluid\"><picture><source srcset=\"\/wp-content\/themes\/theforest\/images\/brokeree.png\" type=\"image\/png\"><img loading=\"lazy\" decoding=\"async\" src=\"\/wp-content\/themes\/theforest\/images\/brokeree.png\" alt=\"Brokeree\" height=\"70\" width=\"70\"><\/picture><\/div>\n<h5 class=\"light-gray\">Brokeree<\/h5>\n<\/div>\n<\/div>\n<\/div>\n<div class=\"col-6 col-lg-3 p-0 mb-5\">\n<div class=\"icon-info-box text-center\">\n<div class=\"left-bordered-info-box\">\n<div class=\"my-3 img-fluid\"><picture><source srcset=\"\/wp-content\/themes\/theforest\/images\/4x_solutions.png\" type=\"image\/png\"><img loading=\"lazy\" decoding=\"async\" src=\"\/wp-content\/themes\/theforest\/images\/4x_solutions.png\" alt=\"4X Solutions\" height=\"70\" width=\"70\"><\/picture><\/div>\n<h5 class=\"light-gray\">4X Solutions<\/h5>\n<\/div>\n<\/div>\n<\/div>\n<\/div>\n<div class=\"row\">\n<div class=\"col-6 col-lg-3 p-0 mb-5\">\n<div class=\"icon-info-box text-center\">\n<div class=\"my-3 img-fluid\"><picture><source srcset=\"\/wp-content\/themes\/theforest\/images\/sf.png\" type=\"image\/png\"><img decoding=\"async\" src=\"\/wp-content\/themes\/theforest\/images\/sf.png\" alt=\"Salesforce\" width=\"101\"><\/picture><\/div>\n<h5 class=\"light-gray\">Salesforce<\/h5>\n<\/div>\n<\/div>\n<div class=\"col-6 col-lg-3 p-0 mb-5\">\n<div class=\"icon-info-box text-center\">\n<div class=\"left-bordered-info-box\">\n<div class=\"my-3 img-fluid\"><picture><source srcset=\"\/wp-content\/themes\/theforest\/images\/mc.png\" type=\"image\/png\"><img loading=\"lazy\" decoding=\"async\" src=\"\/wp-content\/themes\/theforest\/images\/mc.png\" alt=\"Marketing Cloud\" width=\"119\" height=\"70\"><\/picture><\/div>\n<h5 class=\"light-gray\">Marketing Cloud<\/h5>\n<\/div>\n<\/div>\n<\/div>\n<div class=\"col-6 col-lg-3 p-0 mb-5\">\n<div class=\"icon-info-box text-center\">\n<div class=\"left-bordered-info-box\">\n<div class=\"my-3 img-fluid\"><picture><source srcset=\"\/wp-content\/themes\/theforest\/images\/aws.png\" type=\"image\/png\"><img loading=\"lazy\" decoding=\"async\" src=\"\/wp-content\/themes\/theforest\/images\/aws.png\" alt=\"Amazon Web Server\" width=\"115\" height=\"70\"><\/picture><\/div>\n<h5 class=\"light-gray\">Amazon Web Server<\/h5>\n<\/div>\n<\/div>\n<\/div>\n<div class=\"col-6 col-lg-3 p-0 mb-5\">\n<div class=\"icon-info-box text-center\">\n<div class=\"left-bordered-info-box\">\n<div class=\"my-3 img-fluid\"><picture><source srcset=\"\/wp-content\/themes\/theforest\/images\/tableau.png\" type=\"image\/png\"><img loading=\"lazy\" decoding=\"async\" src=\"\/wp-content\/themes\/theforest\/images\/tableau.png\" alt=\"Tableau\" width=\"70\" height=\"70\"><\/picture><\/div>\n<h5 class=\"light-gray\">Tableau<\/h5>\n<\/div>\n<\/div>\n<\/div>\n<\/div>\n<\/div>\n<\/div>\n<\/div>\n<\/section>\n<section class=\"section-splitter secondary-splitter\"><\/section>\n<p><\/main><\/p>\n","protected":false},"excerpt":{"rendered":"<p>A Investingcy \u00e9 uma corretora FX &amp; CFD mundialmente reconhecida, regulamentada desde 2012. Temos presen\u00e7a em mais de 15 pa\u00edses, proporcionando negocia\u00e7\u00f5es competitivas, condi\u00e7\u00f5es e atendimento premium a clientes de todo o mundo. A nossa equipe de gest\u00e3o tem mais de 10 anos de experi\u00eancia no setor e estamos focados em colocar os clientes em [&hellip;]<\/p>\n","protected":false},"author":2,"featured_media":0,"parent":0,"menu_order":0,"comment_status":"closed","ping_status":"closed","template":"page-with-slider.php","meta":{"footnotes":""},"class_list":["post-555","page","type-page","status-publish","hentry"],"_links":{"self":[{"href":"https:\/\/investingcy.com\/pt-pt\/wp-json\/wp\/v2\/pages\/555","targetHints":{"allow":["GET"]}}],"collection":[{"href":"https:\/\/investingcy.com\/pt-pt\/wp-json\/wp\/v2\/pages"}],"about":[{"href":"https:\/\/investingcy.com\/pt-pt\/wp-json\/wp\/v2\/types\/page"}],"author":[{"embeddable":true,"href":"https:\/\/investingcy.com\/pt-pt\/wp-json\/wp\/v2\/users\/2"}],"replies":[{"embeddable":true,"href":"https:\/\/investingcy.com\/pt-pt\/wp-json\/wp\/v2\/comments?post=555"}],"version-history":[{"count":9,"href":"https:\/\/investingcy.com\/pt-pt\/wp-json\/wp\/v2\/pages\/555\/revisions"}],"predecessor-version":[{"id":847,"href":"https:\/\/investingcy.com\/pt-pt\/wp-json\/wp\/v2\/pages\/555\/revisions\/847"}],"wp:attachment":[{"href":"https:\/\/investingcy.com\/pt-pt\/wp-json\/wp\/v2\/media?parent=555"}],"curies":[{"name":"wp","href":"https:\/\/api.w.org\/{rel}","templated":true}]}}