{"id":969,"date":"2022-08-21T06:56:25","date_gmt":"2022-08-21T06:56:25","guid":{"rendered":"https:\/\/investingcy.com\/contact-us\/"},"modified":"2024-01-18T13:30:18","modified_gmt":"2024-01-18T13:30:18","slug":"contact-us","status":"publish","type":"page","link":"https:\/\/investingcy.com\/es\/contact-us\/","title":{"rendered":"Contact Us"},"content":{"rendered":"<section style=\"margin-bottom: 5px;\">\n<div class=\"container\" style=\"padding: 0px; box-sizing: border-box; text-align: center;\">\n<div class=\"container\">\n<div class=\"row\" style=\"padding-bottom: 40px; padding-top: 40px;\">\n<div class=\"col-md-8\" style=\"text-align: center; margin-left: auto; margin-right: auto; float: none; border-bottom: 2px solid lightgray; margin-bottom: 50px;\">\n<h2 style=\"text-align: center; font-size: 34px; font-weight: 300; line-height: 1.5em; color: #3b3835  !important; margin-bottom: 15px;\">P\u00f3ngase en contacto con<\/h2>\n<\/div>\n<p style=\"text-align: center; font-size: 24px; font-weight: 400; color: #3b3939 !important; margin-bottom: 0px;\">Our <span style=\"color: #5741d9;\"> 24\/5<\/span> equipo de atenci\u00f3n al cliente<\/p>\n<p style=\"text-align: center; font-size: 24px; font-weight: 300; color: #3b3939  !important; margin-bottom: 40px;\">est\u00e1 a su disposici\u00f3n para prestarle la asistencia que necesite<\/p>\n<p style=\"text-align: center; font-size: 22px; font-weight: 400; color: #3b3939 !important;\">Seleccione c\u00f3mo desea que nos pongamos en contacto con usted<\/p>\n<\/div>\n<\/div>\n<\/div>\n<\/section>\n<section>\n<div class=\"col-md-7\" style=\"margin-bottom: 100px; padding-top: 40px;\">\n<p style=\"text-align: left; font-size: 22px; font-weight: 500; color: #3b3939  !important; margin-bottom: 40px;\">Useful contacts<\/p>\n<p style=\"text-align: left; font-size: 20px; font-weight: 500; color: #3b3939  !important;\">Support:<\/p>\n<p style=\"text-align: left; font-size: 18px; font-weight: 400; color: #3b3939  !important; margin-bottom: 30px; padding-left: 30px; padding-top: 15px;\">support@Investingcy.pro<\/p>\n<p style=\"text-align: left; font-size: 20px; font-weight: 500; color: #3b3939  !important;\">Office Phone:<\/p>\n<p style=\"text-align: left; font-size: 18px; font-weight: 400; color: #3b3939  !important; margin-bottom: 20px; padding-left: 30px; padding-top: 15px;\">TBD<\/p>\n<p style=\"text-align: left; font-size: 20px; font-weight: 500; margin-bottom: 40px; color: #3b3939  !important;\">Office Address:<\/p>\n<p><iframe src=\"https:\/\/www.google.com\/maps\/embed?pb=!1m18!1m12!1m3!1d2796.388276508712!2d-73.56508608445947!3d45.502261938923866!2m3!1f0!2f0!3f0!3m2!1i1024!2i768!4f13.1!3m3!1m2!1s0x4cc91a5b06fc221f%3A0xca37f545a91bfa0!2s1255%20Rue%20du%20Square-Victoria%2C%20Montr%C3%A9al%2C%20QC%2C%20Canada!5e0!3m2!1sen!2sil!4v1663764010419!5m2!1sen!2sil\" width=\"100%\" height=\"450\" style=\"border:0;\" allowfullscreen=\"allowfullscreen\" loading=\"lazy\" referrerpolicy=\"no-referrer-when-downgrade\"><\/iframe><\/p>\n<\/div>\n<div class=\"col-md-5\" style=\"padding-left: 50px; margin-bottom: 100px; padding-top: 30px;\">\n<div class=\"wpcf7 no-js\" id=\"wpcf7-f25-o1\" lang=\"en-US\" dir=\"ltr\" data-wpcf7-id=\"25\">\n<div class=\"screen-reader-response\"><p role=\"status\" aria-live=\"polite\" aria-atomic=\"true\"><\/p> <ul><\/ul><\/div>\n<form action=\"\/es\/wp-json\/wp\/v2\/pages\/969#wpcf7-f25-o1\" method=\"post\" class=\"wpcf7-form init\" aria-label=\"Contact form\" novalidate=\"novalidate\" data-status=\"init\">\n<fieldset class=\"hidden-fields-container\"><input type=\"hidden\" name=\"_wpcf7\" value=\"25\" \/><input type=\"hidden\" name=\"_wpcf7_version\" value=\"6.1.5\" \/><input type=\"hidden\" name=\"_wpcf7_locale\" value=\"en_US\" \/><input type=\"hidden\" name=\"_wpcf7_unit_tag\" value=\"wpcf7-f25-o1\" \/><input type=\"hidden\" name=\"_wpcf7_container_post\" value=\"0\" \/><input type=\"hidden\" name=\"_wpcf7_posted_data_hash\" value=\"\" \/>\n<\/fieldset>\n<label> Your name\n    <div class=\"form-group your-name\"><input class=\"wpcf7-form-control wpcf7-text wpcf7-validates-as-required form-control\" name=\"your-name\" type=\"text\" value=\"\" aria-invalid=\"false\" aria-required=\"true\" required><\/div> <\/label>\n\n<label> Your email\n    <div class=\"form-group your-email\"><input class=\"wpcf7-form-control wpcf7-email wpcf7-validates-as-required wpcf7-text wpcf7-validates-as-email form-control\" name=\"your-email\" type=\"email\" value=\"\" aria-invalid=\"false\" aria-required=\"true\" required><\/div> <\/label>\n\n<label> Subject\n    <div class=\"form-group your-subject\"><input class=\"wpcf7-form-control wpcf7-text wpcf7-validates-as-required form-control\" name=\"your-subject\" type=\"text\" value=\"\" aria-invalid=\"false\" aria-required=\"true\" required><\/div> <\/label>\n\n<label> Your message (optional)\n    <div class=\"form-group your-message\"><textarea class=\"wpcf7-form-control wpcf7-textarea form-control\" name=\"your-message\" rows=\"4\" aria-invalid=\"false\"><\/textarea><\/div> <\/label>\n\n<div class=\"form-group\"><div><input class=\"wpcf7-form-control wpcf7-submit btn btn-primary\" type=\"submit\" value=\"Submit\"><\/div><\/div><div class=\"wpcf7-response-output alert alert-warning\"><\/div>\n<\/form>\n<\/div>\n<\/div>\n<\/section>\n","protected":false},"excerpt":{"rendered":"<p>P\u00f3ngase en contacto con Our 24\/5 equipo de atenci\u00f3n al cliente est\u00e1 a su disposici\u00f3n para prestarle la asistencia que necesite Seleccione c\u00f3mo desea que nos pongamos en contacto con usted Useful contacts Support: support@Investingcy.pro Office Phone: TBD Office Address:<\/p>\n","protected":false},"author":2,"featured_media":0,"parent":0,"menu_order":0,"comment_status":"closed","ping_status":"closed","template":"","meta":{"footnotes":""},"class_list":["post-969","page","type-page","status-publish","hentry"],"_links":{"self":[{"href":"https:\/\/investingcy.com\/es\/wp-json\/wp\/v2\/pages\/969","targetHints":{"allow":["GET"]}}],"collection":[{"href":"https:\/\/investingcy.com\/es\/wp-json\/wp\/v2\/pages"}],"about":[{"href":"https:\/\/investingcy.com\/es\/wp-json\/wp\/v2\/types\/page"}],"author":[{"embeddable":true,"href":"https:\/\/investingcy.com\/es\/wp-json\/wp\/v2\/users\/2"}],"replies":[{"embeddable":true,"href":"https:\/\/investingcy.com\/es\/wp-json\/wp\/v2\/comments?post=969"}],"version-history":[{"count":1,"href":"https:\/\/investingcy.com\/es\/wp-json\/wp\/v2\/pages\/969\/revisions"}],"predecessor-version":[{"id":971,"href":"https:\/\/investingcy.com\/es\/wp-json\/wp\/v2\/pages\/969\/revisions\/971"}],"wp:attachment":[{"href":"https:\/\/investingcy.com\/es\/wp-json\/wp\/v2\/media?parent=969"}],"curies":[{"name":"wp","href":"https:\/\/api.w.org\/{rel}","templated":true}]}}