{"id":966,"date":"2022-08-15T09:43:04","date_gmt":"2022-08-15T09:43:04","guid":{"rendered":"https:\/\/investingcy.com\/privacy-policy\/"},"modified":"2024-01-18T13:23:00","modified_gmt":"2024-01-18T13:23:00","slug":"privacy-policy","status":"publish","type":"page","link":"https:\/\/investingcy.com\/es\/privacy-policy\/","title":{"rendered":"Privacy policy"},"content":{"rendered":"<div class=\"row\">\n<div class=\"col-sm-12\">\n<h1>POL\u00cdTICA DE PRIVACIDAD<\/h1>\n<p>&nbsp;<br \/>\n<strong>investingcy hace todo lo posible para garantizar la privacidad, confidencialidad y seguridad de sus clientes, tanto a lo largo de su interacci\u00f3n con la empresa como posteriormente, en la mayor medida posible.<\/strong><br \/>\n&nbsp;<\/p>\n<ol>\n<li style=\"padding-bottom:5px;\">Cuando los clientes se registran en <strong>investingcy <\/strong>reconocen su voluntad de compartir con la empresa cierta informaci\u00f3n privada que utilizamos con el fin de confirmar la identidad del cliente y garantizar la seguridad de sus dep\u00f3sitos y cuenta de operaciones. Esta informaci\u00f3n se recopila de acuerdo con nuestros estrictos procedimientos de verificaci\u00f3n que se utilizan para impedir las operaciones internacionales de blanqueo de dinero y para garantizar la seguridad de la actividad comercial de nuestros clientes en todo momento.<\/li>\n<p>&nbsp;<\/p>\n<li style=\"padding-bottom:5px;\">Nuestros clientes se comprometen a facilitarnos informaci\u00f3n veraz, actualizada y exacta sobre su identidad. Adem\u00e1s&nbsp;est\u00e1n obligados a declarar categ\u00f3ricamente que se est\u00e1n registrando y operando en su propio nombre y que no pretenden en ning\u00fan momento actuar de ninguna manera que pueda considerarse fraudulenta ni pretenden hacerse pasar por otras personas para ning\u00fan fin.<\/li>\n<p>&nbsp;<\/p>\n<li style=\"padding-bottom:5px;\"><strong>investingcy <\/strong>los procedimientos de recogida de datos incluyen la recopilaci\u00f3n de informaci\u00f3n libremente revelada por el cliente y compartida con la empresa, adem\u00e1s de la colocaci\u00f3n de cookies con el fin de recopilar datos sobre la forma en que el cliente interact\u00faa con <strong>el investingcy <\/strong> sitio web. Estas herramientas de recopilaci\u00f3n de informaci\u00f3n del cliente se emplean con el fin de garantizar la propia seguridad del cliente y todos los datos recopilados por la empresa se comparten \u00fanicamente con las personas de la empresa que participan en la verificaci\u00f3n de la informaci\u00f3n de la cuenta del cliente con el fin expreso de garantizar la confidencialidad y seguridad del cliente.<\/li>\n<p>&nbsp;<\/p>\n<li style=\"padding-bottom:5px;\">investingcy nunca revelar\u00e1 informaci\u00f3n privada o confidencial de nuestros clientes y antiguos clientes a terceros sin el consentimiento expreso y por escrito de nuestros clientes, excepto en casos espec\u00edficos en los que la revelaci\u00f3n sea un requisito legal o sea necesaria para realizar an\u00e1lisis de verificaci\u00f3n de la identidad del cliente con el fin de salvaguardar su cuenta y proteger su informaci\u00f3n personal.<\/li>\n<p>&nbsp;<\/p>\n<li style=\"padding-bottom:5px;\">Al registrarse en investingcy y a trav\u00e9s de la interacci\u00f3n voluntaria que realizan con los productos y servicios de investingcy, los clientes confirman y aceptan que consienten el uso de toda o parte de la informaci\u00f3n que proporcionan en relaci\u00f3n con su cuenta de trading investingcy, las transacciones que realizan a trav\u00e9s de ella y las interacciones que realizan con la empresa en nombre de la empresa. Todas las interacciones que el cliente realice con la empresa ser\u00e1n almacenadas por la empresa a efectos de registro y, como tales, podr\u00e1n ser empleadas por la empresa en los casos en que surjan disputas entre los clientes y.<\/li>\n<p>&nbsp;<\/p>\n<li style=\"padding-bottom:5px;\">investingcy hace todo lo posible para garantizar la confidencialidad de la informaci\u00f3n personal de sus clientes, incluida la aplicaci\u00f3n de procedimientos de protecci\u00f3n de datos dise\u00f1ados para garantizar la confidencialidad de los clientes. V garantiza que su pol\u00edtica de protecci\u00f3n de datos se actualiza peri\u00f3dicamente para asegurar que la informaci\u00f3n confidencial de los clientes est\u00e1 continuamente salvaguardada.<\/li>\n<p>&nbsp;<\/p>\n<li style=\"padding-bottom:5px;\">De vez en cuando, investingcy puede ponerse en contacto con los clientes, ya sea por tel\u00e9fono o por correo electr\u00f3nico, con el fin de ofrecerles m\u00e1s informaci\u00f3n sobre el comercio de opciones binarias de investingcy o el comercio en los mercados financieros. Adem\u00e1s, la empresa puede, en ocasiones, tratar de ponerse en contacto con los clientes, ya sea por tel\u00e9fono o por correo electr\u00f3nico, con el fin de informarles de ofertas promocionales \u00fanicas proporcionadas por investingcy &nbsp;para el cliente. Los clientes dan su consentimiento para recibir este tipo de contacto cuando aceptan nuestros t\u00e9rminos y condiciones de uso al registrarse en investingcy . Cualquier persona que desee optar por no seguir en contacto con investingcy &nbsp;en cualquier momento tiene derecho a hacerlo, simplemente poni\u00e9ndose en contacto con la empresa, ya sea por tel\u00e9fono o correo electr\u00f3nico, y solicitando que no se produzcan m\u00e1s contactos en nombre de la empresa.<\/li>\n<p>&nbsp;<\/ol>\n<\/div>\n<\/div>\n","protected":false},"excerpt":{"rendered":"<p>POL\u00cdTICA DE PRIVACIDAD &nbsp; investingcy hace todo lo posible para garantizar la privacidad, confidencialidad y seguridad de sus clientes, tanto a lo largo de su interacci\u00f3n con la empresa como posteriormente, en la mayor medida posible. &nbsp; Cuando los clientes se registran en investingcy reconocen su voluntad de compartir con la empresa cierta informaci\u00f3n privada [&hellip;]<\/p>\n","protected":false},"author":2,"featured_media":0,"parent":0,"menu_order":0,"comment_status":"closed","ping_status":"closed","template":"","meta":{"footnotes":""},"class_list":["post-966","page","type-page","status-publish","hentry"],"_links":{"self":[{"href":"https:\/\/investingcy.com\/es\/wp-json\/wp\/v2\/pages\/966","targetHints":{"allow":["GET"]}}],"collection":[{"href":"https:\/\/investingcy.com\/es\/wp-json\/wp\/v2\/pages"}],"about":[{"href":"https:\/\/investingcy.com\/es\/wp-json\/wp\/v2\/types\/page"}],"author":[{"embeddable":true,"href":"https:\/\/investingcy.com\/es\/wp-json\/wp\/v2\/users\/2"}],"replies":[{"embeddable":true,"href":"https:\/\/investingcy.com\/es\/wp-json\/wp\/v2\/comments?post=966"}],"version-history":[{"count":1,"href":"https:\/\/investingcy.com\/es\/wp-json\/wp\/v2\/pages\/966\/revisions"}],"predecessor-version":[{"id":968,"href":"https:\/\/investingcy.com\/es\/wp-json\/wp\/v2\/pages\/966\/revisions\/968"}],"wp:attachment":[{"href":"https:\/\/investingcy.com\/es\/wp-json\/wp\/v2\/media?parent=966"}],"curies":[{"name":"wp","href":"https:\/\/api.w.org\/{rel}","templated":true}]}}