{"id":958,"date":"2022-11-25T08:29:03","date_gmt":"2022-11-25T08:29:03","guid":{"rendered":"https:\/\/investingcy.com\/cookie-policy\/"},"modified":"2024-01-18T13:16:51","modified_gmt":"2024-01-18T13:16:51","slug":"cookie-policy","status":"publish","type":"page","link":"https:\/\/investingcy.com\/es\/cookie-policy\/","title":{"rendered":"Cookie Policy"},"content":{"rendered":"<div class=\"slider-bg-box\" style=\"background-image:linear-gradient(90deg, #0c0c12 0, rgba(255, 255, 255, 0) 100%), url(\/wp-content\/themes\/theforest\/images\/execution-venues_bg.webp)\">\n\t<div class=\"hero-section desktop\">\n\t\t<div class=\"container\"><br><br><div class=\"h1\">Pol\u00edtica de cookies<\/div><\/div>\n\t<\/div>\n<\/div>\n<style> .PS-main-container > p{font-size: 16px!important;text-align: justify;margin-bottom: 16px !important;} <\/style>\n<section id=\"section_terms_of_use\">\n<div class=\"container PS-main-container p-5\">\n<p>Visitar los sitios web de investingcy con la configuraci\u00f3n de su navegador ajustada para aceptar cookies o utilizar dispositivos, aplicaciones m\u00f3viles u otro software de investingcy nos indica que desea utilizar los productos y servicios de investingcy y que consiente nuestro uso de cookies y otras tecnolog\u00edas para proporcion\u00e1rselos tal y como se describe en este aviso. Consulte a continuaci\u00f3n la informaci\u00f3n sobre c\u00f3mo modificar la configuraci\u00f3n de su dispositivo para que le notifique cuando reciba una nueva cookie y para desactivar las cookies por completo.<\/p>\n<p class=\"font-weight-bold\"><b>\u00bfQu\u00e9 son las cookies y c\u00f3mo las utilizamos?<\/b><\/p>\n<p>Las cookies son identificadores \u00fanicos (peque\u00f1os archivos) que se transfieren a su dispositivo y permiten que nuestros sistemas reconozcan su dispositivo. Para m\u00e1s informaci\u00f3n<a class=\"dark-gray\" href=\"https:\/\/aboutcookies.org\/\" target=\"_blank\" rel=\"noopener\">aboutcookies.org<\/a>. El uso de cookies nos permite:<\/p>\n<ul>\n<li>identificarle cuando inicie sesi\u00f3n y recordar sus datos de acceso<\/li>\n<li>determinar el tipo de navegador y la configuraci\u00f3n que utiliza<\/li>\n<li>prevenir actividades fraudulentas y mejorar la seguridad<\/li>\n<li>realizar investigaciones y diagn\u00f3sticos para mejorar los contenidos, productos y servicios de investingcy<\/li>\n<li>permitir a los propietarios de los sitios y a terceros anunciantes ajustar los contenidos a sus preferencias<\/li>\n<li>supervisar las visitas, el rendimiento y los errores con el fin de proporcionar un trabajo eficiente de nuestros sitios web<\/li>\n<\/ul>\n<p>Cualquier referencia a &#8220;sitios&#8221; de investingcy incluye nuestros sitios web, dispositivos, aplicaciones m\u00f3viles u otro software de investingcy.<\/p>\n<p class=\"font-weight-bold\"><b>Los tipos de cookies que utilizamos en nuestro sitio web<\/b><\/p>\n<p>Cookies esenciales: necesarias para las funciones vitales de nuestro sitio y plataforma de negociaci\u00f3n. Si se desactivan, no podr\u00e1 acceder a la plataforma ni a otras partes importantes del sitio.<\/p>\n<p>Cookies de marketing: le permiten disfrutar de contenidos en l\u00ednea m\u00e1s relevantes y ver anuncios que se ajustan a sus intereses, seg\u00fan lo indicado por su actividad en nuestro sitio. Sus datos recogidos sus datos, nos hemos esforzado por garantizar que la informaci\u00f3n que recogen es an\u00f3nima.<\/p>\n<p>Cookies anal\u00edticas y de comportamiento: nos ayudan a ofrecerle un mejor servicio. Pueden adaptar el contenido del sitio a sus preferencias personales y a su comportamiento anterior, o recordar sus ajustes guardados.<\/p>\n<p>Otras cookies: cookies de terceros de empresas en las que participamos para llevar a cabo nuestras iniciativas de marketing y mejorar su experiencia de usuario. Los datos recogidos por estas cookies son an\u00f3nimos y, en caso de que se produzca alg\u00fan cambio, nos esforzaremos por notific\u00e1rselo.<\/p>\n<p>Tenga en cuenta que las cookies le permiten obtener la m\u00e1xima experiencia con nuestro sitio web, sus productos y el proceso de solicitud. Si no acepta el uso de nuestra Pol\u00edtica de cookies o configura su navegador para que no acepte nuestras cookies, es posible que no pueda acceder a algunas de las funciones o servicios del sitio web.<\/p>\n<p class=\"font-weight-bold\"><b>ookies y configuraci\u00f3n del navegador<\/b><\/p>\n<p>La funci\u00f3n de ayuda de la mayor\u00eda de los navegadores le indicar\u00e1 c\u00f3mo impedir que su navegador acepte nuevas cookies, c\u00f3mo hacer que el navegador le notifique cuando reciba una nueva cookie y c\u00f3mo desactivar las cookies por completo. Adem\u00e1s, puede desactivar o eliminar datos similares utilizados por complementos del navegador, como las cookies de Flash, cambiando la configuraci\u00f3n del complemento o visitando el sitio web de su fabricante.<\/p>\n<p>Nos comprometemos a proteger su informaci\u00f3n personal. Si tiene alguna pregunta o duda espec\u00edfica sobre las cookies, p\u00f3ngase en contacto con<a class=\"dark-gray\" href=\"mailto:support@investingcy.com\">support@investingcy.com<\/a>.<\/p>\n<p>For more information on how we handle your data, see our <a class=\"fc-yellow fw-semibold\" href=\"https:\/\/investingcy.com\/es\/privacy-policy\/\">Pol\u00edtica de privacidad.<\/a><\/p>\n<\/div>\n<\/section>\n","protected":false},"excerpt":{"rendered":"<p>Visitar los sitios web de investingcy con la configuraci\u00f3n de su navegador ajustada para aceptar cookies o utilizar dispositivos, aplicaciones m\u00f3viles u otro software de investingcy nos indica que desea utilizar los productos y servicios de investingcy y que consiente nuestro uso de cookies y otras tecnolog\u00edas para proporcion\u00e1rselos tal y como se describe en [&hellip;]<\/p>\n","protected":false},"author":2,"featured_media":0,"parent":0,"menu_order":0,"comment_status":"closed","ping_status":"closed","template":"page-with-slider.php","meta":{"footnotes":""},"class_list":["post-958","page","type-page","status-publish","hentry"],"_links":{"self":[{"href":"https:\/\/investingcy.com\/es\/wp-json\/wp\/v2\/pages\/958","targetHints":{"allow":["GET"]}}],"collection":[{"href":"https:\/\/investingcy.com\/es\/wp-json\/wp\/v2\/pages"}],"about":[{"href":"https:\/\/investingcy.com\/es\/wp-json\/wp\/v2\/types\/page"}],"author":[{"embeddable":true,"href":"https:\/\/investingcy.com\/es\/wp-json\/wp\/v2\/users\/2"}],"replies":[{"embeddable":true,"href":"https:\/\/investingcy.com\/es\/wp-json\/wp\/v2\/comments?post=958"}],"version-history":[{"count":1,"href":"https:\/\/investingcy.com\/es\/wp-json\/wp\/v2\/pages\/958\/revisions"}],"predecessor-version":[{"id":965,"href":"https:\/\/investingcy.com\/es\/wp-json\/wp\/v2\/pages\/958\/revisions\/965"}],"wp:attachment":[{"href":"https:\/\/investingcy.com\/es\/wp-json\/wp\/v2\/media?parent=958"}],"curies":[{"name":"wp","href":"https:\/\/api.w.org\/{rel}","templated":true}]}}