{"id":952,"date":"2022-08-15T09:45:09","date_gmt":"2022-08-15T09:45:09","guid":{"rendered":"https:\/\/investingcy.com\/about-us\/"},"modified":"2024-01-18T13:10:55","modified_gmt":"2024-01-18T13:10:55","slug":"about-us","status":"publish","type":"page","link":"https:\/\/investingcy.com\/es\/about-us\/","title":{"rendered":"Qui\u00e9nes somos"},"content":{"rendered":"<div class=\"slider-bg-box\" style=\"background-image:linear-gradient(90deg, #0c0c12 0, rgba(255, 255, 255, 0) 100%), url(\/wp-content\/themes\/theforest\/images\/header-bg-legal.webp)\">\n\t<div class=\"hero-section desktop\">\n\t\t<div class=\"container\"><div class=\"h3\">El poder detr\u00e1s de su comercio<\/div><div class=\"h1\">Qui\u00e9nes somoss<\/div><\/div>\n\t<\/div>\n<\/div>\n<p><main><\/p>\n<section id=\"about_us_main_container\" class=\"header-box\">\n<div class=\"container AT-comp-pricing-container main-box-description text-center\" id=\"about-us-main-box\">\n<p class=\"light-gray mb-2\">investingcy es un broker de divisas y CFDs reconocido a nivel mundial y regulado desde 2012. Estamos presentes en m\u00e1s de 15 pa\u00edses y ofrecemos condiciones de negociaci\u00f3n competitivas y un servicio al cliente de primera calidad en todo el mundo.<\/p>\n<p class=\"light-gray mb-5\">Nuestro equipo directivo cuenta con m\u00e1s de 10 a\u00f1os de experiencia en el sector y se centra en dar prioridad a los clientes. Tenemos la experiencia para demostrarlo.<\/p>\n<\/div>\n<\/section>\n<section id=\"our-brands\">\n<div class=\"container\">\n<div class=\"row\">\n<div class=\"col-12\">\n<h3 class=\"section-title py-5\">Nuestros valores de marca<\/h3>\n<\/div>\n<\/div>\n<div class=\"row justify-content-center\">\n<div class=\"col-12 col-lg-10\">\n<div class=\"row align-items-end\">\n<div class=\"col-6 col-lg-3 p-0 mb-5\">\n<div class=\"text-center\">\n<div class=\"py-3\"><img loading=\"lazy\" decoding=\"async\" src=\"\/wp-content\/themes\/theforest\/images\/integrity.svg\" alt=\"Integrity\" width=\"65\" height=\"75\"><\/div>\n<h5 class=\"light-gray\">Integridad<\/h5>\n<\/div>\n<\/div>\n<div class=\"col-6 col-lg-3 p-0 mb-5\">\n<div class=\"text-center\">\n<div class=\"left-bordered-info-box\">\n<div class=\"py-3\"><img loading=\"lazy\" decoding=\"async\" src=\"\/wp-content\/themes\/theforest\/images\/ambition.svg\" alt=\"Ambition\" width=\"65\" height=\"75\"><\/div>\n<h5 class=\"light-gray\">Ambici\u00f3n<\/h5>\n<\/div>\n<\/div>\n<\/div>\n<div class=\"col-6 col-lg-3 p-0 mb-5\">\n<div class=\"text-center\">\n<div class=\"left-bordered-info-box\">\n<div class=\"py-3\"><img loading=\"lazy\" decoding=\"async\" src=\"\/wp-content\/themes\/theforest\/images\/inspiration.svg\" alt=\"Inspiration\" width=\"65\" height=\"75\"><\/div>\n<h5 class=\"light-gray\">Inspiraci\u00f3n<\/h5>\n<\/div>\n<\/div>\n<\/div>\n<div class=\"col-6 col-lg-3 p-0 mb-5\">\n<div class=\"text-center\">\n<div class=\"left-bordered-info-box\">\n<div class=\"py-3\"><img loading=\"lazy\" decoding=\"async\" src=\"\/wp-content\/themes\/theforest\/images\/excellence.svg\" alt=\"Excellence\" width=\"65\" height=\"75\"><\/div>\n<h5 class=\"light-gray\">Excelencia<\/h5>\n<\/div>\n<\/div>\n<\/div>\n<\/div>\n<\/div>\n<\/div>\n<\/div>\n<\/section>\n<section class=\"section-splitter\"><\/section>\n<section id=\"regulation\" class=\"grey-section\">\n<div class=\"container\">\n<div class=\"row\">\n<\/div>\n<div class=\"row justify-content-center\">\n<div class=\"col-12 col-lg-10\">\n<div class=\"row\"><\/div>\n<\/div>\n<\/div>\n<\/div>\n<\/section>\n<section id=\"insurance\" class=\"grey-section\">\n<div class=\"container-fluid\">\n<div class=\"row pt-5\">\n<div class=\"col-12 col-lg-6 order-12 order-lg-1 pb-5\" id=\"market-desc\">\n<div class=\"row pb-5\">\n<div class=\"col-12 col-lg-8 pb-lg-5 offset-lg-3\">\n<h3 class=\"section-title pb-3 text-left\">P\u00f3liza de seguro<\/h3>\n<p class=\"font-weight-light\">Seguro de 1000000 USD. La p\u00f3liza de seguro entr\u00f3 en vigor el 1 de abril de 2022 y continuar\u00e1 vigente hasta el 31 de marzo de 2023. Un reclamante es un cliente del asegurado que (i) es un reclamante admisible con respecto al evento de insolvencia (ii) ha presentado su reclamaci\u00f3n (incluido un formulario de reclamaci\u00f3n) al administrador de la insolvencia en un plazo de 12 meses a partir de la fecha del evento de insolvencia del asegurado; y (iii) ha presentado su formulario de indemnizaci\u00f3n de inversores al asegurado en un plazo de 12 meses a partir de la fecha del evento de insolvencia del asegurado. Los detalles completos de la p\u00f3liza est\u00e1n disponibles previa solicitud.<\/p>\n<\/div>\n<\/div>\n<\/div>\n<div class=\"col-12 col-lg-6 p-0 order-1 order-lg-12\" id=\"man-with-coffee-bg\" style=\"background-image:url(\/wp-content\/themes\/theforest\/images\/about-us-insurance-pic.jpeg)\"><\/div>\n<\/div>\n<\/div>\n<\/section>\n<section class=\"section-splitter about-us-splitter-2\"><\/section>\n<section id=\"awards\">\n<div class=\"container\">\n<div class=\"row\">\n<div class=\"col-12\">\n<h3 class=\"section-title pt-5 pb-2\">Premios<\/h3>\n<\/div>\n<\/div>\n<div class=\"row justify-content-center\">\n<div class=\"col-6 col-lg-3 mb-5\">\n<div class=\"icon-info-box text-center\">\n<div class=\"\"><picture><source srcset=\"\/wp-content\/themes\/theforest\/images\/award_1.jpg\" type=\"image\/jpg\"><img loading=\"lazy\" decoding=\"async\" class=\"my-3 pb-3 img-fluid\" src=\"\/wp-content\/themes\/theforest\/images\/award_1.jpg\" alt=\"Award the sunday times tech track 100\" height=\"150\" width=\"144\"><\/picture><\/div>\n<\/div>\n<\/div>\n<div class=\"col-6 col-lg-3 mb-5\">\n<div class=\"icon-info-box text-center\">\n<div class=\"\"><picture><source srcset=\"\/wp-content\/themes\/theforest\/images\/award_6.jpg\" type=\"image\/jpg\"><img loading=\"lazy\" decoding=\"async\" class=\"my-3 pb-3 img-fluid\" src=\"\/wp-content\/themes\/theforest\/images\/award_6.jpg\" alt=\"Award FX Report 2017 - Best FX Trader\" height=\"150\" width=\"144\"><\/picture><\/div>\n<\/div>\n<\/div>\n<div class=\"col-6 col-lg-3 mb-5\">\n<div class=\"icon-info-box text-center\">\n<div><picture><source srcset=\"\/wp-content\/themes\/theforest\/images\/global100-2020-Investingcy-2.jpg\" type=\"image\/jpg\"><img loading=\"lazy\" decoding=\"async\" class=\"my-3 pb-3 img-fluid\" src=\"\/wp-content\/themes\/theforest\/images\/global100-2020-Investingcy-2.jpg\" alt=\"Award Global 100 2020 winner\" height=\"150\" width=\"144\"><\/picture><\/div>\n<\/div>\n<\/div>\n<div class=\"col-6 col-lg-3 mb-5\">\n<div class=\"icon-info-box text-center\">\n<div><picture><source srcset=\"\/wp-content\/themes\/theforest\/images\/award_2.jpg\" type=\"image\/jpg\"><img loading=\"lazy\" decoding=\"async\" class=\"my-3 pb-3 img-fluid\" src=\"\/wp-content\/themes\/theforest\/images\/award_2.jpg\" alt=\"Award FX Report 2017 - Best Customer Service\" height=\"150\" width=\"144\"><\/picture><\/div>\n<\/div>\n<\/div>\n<div class=\"col-6 col-lg-3 mb-5\">\n<div class=\"icon-info-box text-center\">\n<div><picture><source srcset=\"\/wp-content\/themes\/theforest\/images\/award_3.jpg\" type=\"image\/jpg\"><img loading=\"lazy\" decoding=\"async\" class=\"my-3 pb-3 img-fluid\" src=\"\/wp-content\/themes\/theforest\/images\/award_3.jpg\" alt=\"Award Finance Forex Broker of the year 2017\" height=\"150\" width=\"144\"><\/picture><\/div>\n<\/div>\n<\/div>\n<div class=\"col-6 col-lg-3 mb-5\">\n<div class=\"icon-info-box text-center\">\n<div><picture><source srcset=\"\/wp-content\/themes\/theforest\/images\/award_4.jpg\" type=\"image\/jpg\"><img loading=\"lazy\" decoding=\"async\" class=\"my-3 pb-3 img-fluid\" src=\"\/wp-content\/themes\/theforest\/images\/award_4.jpg\" alt=\"Award Most innovative forex broker UK\" height=\"150\" width=\"144\"><\/picture><\/div>\n<\/div>\n<\/div>\n<div class=\"col-6 col-lg-3 mb-5\">\n<div class=\"icon-info-box text-center\">\n<div><picture><source srcset=\"\/wp-content\/themes\/theforest\/images\/award_5.jpg\" type=\"image\/jpg\"><img loading=\"lazy\" decoding=\"async\" class=\"my-3 pb-3 img-fluid\" src=\"\/wp-content\/themes\/theforest\/images\/award_5.jpg\" alt=\"Award gmb\" height=\"150\" width=\"144\"><\/picture><\/div>\n<\/div>\n<\/div>\n<div class=\"col-6 col-lg-3 mb-5\">\n<div class=\"icon-info-box text-center\">\n<div><picture><source srcset=\"\/wp-content\/themes\/theforest\/images\/award_gbm.jpg\" type=\"image\/jpg\"><img loading=\"lazy\" decoding=\"async\" class=\"my-3 pb-3 img-fluid\" src=\"\/wp-content\/themes\/theforest\/images\/award_gbm.jpg\" alt=\"Award gmb\" height=\"150\" width=\"144\"><\/picture><\/div>\n<\/div>\n<\/div>\n<div class=\"col-6 col-lg-3 mb-5\">\n<div class=\"icon-info-box text-center\">\n<div><picture><source srcset=\"\/wp-content\/themes\/theforest\/images\/award_1000britain.jpg\" type=\"image\/jpg\"><img loading=\"lazy\" decoding=\"async\" class=\"my-3 pb-3 img-fluid\" src=\"\/wp-content\/themes\/theforest\/images\/award_1000britain.jpg\" alt=\"Award 1000 companies to inspire britain 2020\" height=\"150\" width=\"144\"><\/picture><\/div>\n<\/div>\n<\/div>\n<div class=\"col-6 col-lg-3 mb-5\">\n<div class=\"icon-info-box text-center\">\n<div><picture><source srcset=\"\/wp-content\/themes\/theforest\/images\/Best-Trading-Account-Margin-Rates.jpg\" type=\"image\/jpg\"><img loading=\"lazy\" decoding=\"async\" class=\"my-3 pb-3 img-fluid\" src=\"\/wp-content\/themes\/theforest\/images\/Best-Trading-Account-Margin-Rates.jpg\" alt=\"best trading account\" height=\"318\" width=\"144\"><\/picture><\/div>\n<\/div>\n<\/div>\n<\/div>\n<\/div>\n<\/section>\n<section class=\"section-splitter\"><\/section>\n<section id=\"partners\" class=\"grey-section pb-5\">\n<div class=\"container\">\n<div class=\"row\">\n<div class=\"col-12\">\n<h3 class=\"section-title pt-5 pb-2\">Our Partners<\/h3>\n<p class=\"pb-5 text-center\">Nos asociamos con los mejores del sector para ofrecer a los clientes un producto de primera calidad en una infraestructura mundial.<\/p>\n<\/div>\n<\/div>\n<div class=\"row justify-content-center\">\n<div class=\"col-12 col-lg-10\">\n<div class=\"row m-auto\">\n<div class=\"col-6 col-lg-3 p-0 mb-5\">\n<div class=\"icon-info-box text-center\">\n<div class=\"my-3 img-fluid\"><picture><source srcset=\"\/wp-content\/themes\/theforest\/images\/mt4.png\" type=\"image\/png\"><img loading=\"lazy\" decoding=\"async\" src=\"\/wp-content\/themes\/theforest\/images\/mt4.png\" alt=\"MetaTrader 4\" height=\"70\" width=\"70\"><\/picture><\/div>\n<h5 class=\"light-gray\">MetaTrader 4<\/h5>\n<\/div>\n<\/div>\n<div class=\"col-6 col-lg-3 p-0 mb-5\">\n<div class=\"icon-info-box text-center\">\n<div class=\"left-bordered-info-box\">\n<div class=\"my-3 img-fluid\"><picture><source srcset=\"\/wp-content\/themes\/theforest\/images\/mt5.png\" type=\"image\/png\"><img loading=\"lazy\" decoding=\"async\" src=\"\/wp-content\/themes\/theforest\/images\/mt5.png\" alt=\"MetaTrader 4\" width=\"85\" height=\"70\"><\/picture><\/div>\n<h5 class=\"light-gray\">MetaTrader 5<\/h5>\n<\/div>\n<\/div>\n<\/div>\n<div class=\"col-6 col-lg-3 p-0 mb-5\">\n<div class=\"icon-info-box text-center\">\n<div class=\"left-bordered-info-box\">\n<div class=\"my-3 img-fluid\"><picture><source srcset=\"\/wp-content\/themes\/theforest\/images\/brokeree.png\" type=\"image\/png\"><img loading=\"lazy\" decoding=\"async\" src=\"\/wp-content\/themes\/theforest\/images\/brokeree.png\" alt=\"Brokeree\" height=\"70\" width=\"70\"><\/picture><\/div>\n<h5 class=\"light-gray\">Brokeree<\/h5>\n<\/div>\n<\/div>\n<\/div>\n<div class=\"col-6 col-lg-3 p-0 mb-5\">\n<div class=\"icon-info-box text-center\">\n<div class=\"left-bordered-info-box\">\n<div class=\"my-3 img-fluid\"><picture><source srcset=\"\/wp-content\/themes\/theforest\/images\/4x_solutions.png\" type=\"image\/png\"><img loading=\"lazy\" decoding=\"async\" src=\"\/wp-content\/themes\/theforest\/images\/4x_solutions.png\" alt=\"4X Solutions\" height=\"70\" width=\"70\"><\/picture><\/div>\n<h5 class=\"light-gray\">Soluciones 4X<\/h5>\n<\/div>\n<\/div>\n<\/div>\n<\/div>\n<div class=\"row\">\n<div class=\"col-6 col-lg-3 p-0 mb-5\">\n<div class=\"icon-info-box text-center\">\n<div class=\"my-3 img-fluid\"><picture><source srcset=\"\/wp-content\/themes\/theforest\/images\/sf.png\" type=\"image\/png\"><img decoding=\"async\" src=\"\/wp-content\/themes\/theforest\/images\/sf.png\" alt=\"Salesforce\" width=\"101\"><\/picture><\/div>\n<h5 class=\"light-gray\">Salesforce<\/h5>\n<\/div>\n<\/div>\n<div class=\"col-6 col-lg-3 p-0 mb-5\">\n<div class=\"icon-info-box text-center\">\n<div class=\"left-bordered-info-box\">\n<div class=\"my-3 img-fluid\"><picture><source srcset=\"\/wp-content\/themes\/theforest\/images\/mc.png\" type=\"image\/png\"><img loading=\"lazy\" decoding=\"async\" src=\"\/wp-content\/themes\/theforest\/images\/mc.png\" alt=\"Marketing Cloud\" width=\"119\" height=\"70\"><\/picture><\/div>\n<h5 class=\"light-gray\">Nube de marketing<\/h5>\n<\/div>\n<\/div>\n<\/div>\n<div class=\"col-6 col-lg-3 p-0 mb-5\">\n<div class=\"icon-info-box text-center\">\n<div class=\"left-bordered-info-box\">\n<div class=\"my-3 img-fluid\"><picture><source srcset=\"\/wp-content\/themes\/theforest\/images\/aws.png\" type=\"image\/png\"><img loading=\"lazy\" decoding=\"async\" src=\"\/wp-content\/themes\/theforest\/images\/aws.png\" alt=\"Amazon Web Server\" width=\"115\" height=\"70\"><\/picture><\/div>\n<h5 class=\"light-gray\">Servidor web de Amazon<\/h5>\n<\/div>\n<\/div>\n<\/div>\n<div class=\"col-6 col-lg-3 p-0 mb-5\">\n<div class=\"icon-info-box text-center\">\n<div class=\"left-bordered-info-box\">\n<div class=\"my-3 img-fluid\"><picture><source srcset=\"\/wp-content\/themes\/theforest\/images\/tableau.png\" type=\"image\/png\"><img loading=\"lazy\" decoding=\"async\" src=\"\/wp-content\/themes\/theforest\/images\/tableau.png\" alt=\"Tableau\" width=\"70\" height=\"70\"><\/picture><\/div>\n<h5 class=\"light-gray\">Tableau<\/h5>\n<\/div>\n<\/div>\n<\/div>\n<\/div>\n<\/div>\n<\/div>\n<\/div>\n<\/section>\n<section class=\"section-splitter secondary-splitter\"><\/section>\n<section id=\"documents\">\n<div class=\"container mb-5\">\n<p><!--\n\n\n<div class=\"row justify-content-center\">\n\n\n<div class=\"col-12 col-lg-10\">\n\n\n<div class=\"row\">\n\n\n<div class=\"col-4 text-center\" style=\"text-align: left !important;\">\n\n\n<p class=\"mb-2\"><a href=\"\/wp-content\/themes\/theforest\/images\/Client-Agreement_November.pdf\" target=\"_blank\" rel=\"noopener\">Acuerdo con el cliente<\/a><\/p>\n\n\n\n\n<p class=\"mb-2\"><a href=\"\/wp-content\/themes\/theforest\/images\/Best-Execution-Policy_Jan.pdf\" target=\"_blank\" rel=\"noopener\">Pol\u00edtica de ejecuci\u00f3n \u00f3ptima<\/a><\/p>\n\n\n\n\n<p class=\"mb-2\"><a href=\"\/wp-content\/themes\/theforest\/images\/Trade-Copying-Term-Conditions_Jan.pdf\" target=\"_blank\" rel=\"noopener\">T\u00e9rminos y condiciones de las copias comerciales<\/a><\/p>\n\n\n\n\n<p class=\"mb-2\"><a href=\"\/wp-content\/themes\/theforest\/images\/Privacy-Security-Policy_April.pdf\" target=\"_blank\" rel=\"noopener\">Pol\u00edtica de privacidad y seguridad<\/a><\/p>\n\n\n\n<\/div>\n\n\n\n\n<div class=\"col-4 text-center\" style=\"text-align: left !important;\">\n\n\n<p class=\"mb-2\"><a href=\"\/wp-content\/themes\/theforest\/images\/Risk-Disclosure-Notice_Jan.pdf\" target=\"_blank\" rel=\"noopener\">Aviso de divulgaci\u00f3n de riesgos<\/a><\/p>\n\n\n\n\n<p class=\"mb-2\"><a href=\"\/wp-content\/themes\/theforest\/images\/Conflicts-of-Interest-Summary-Policy_Feb.pdf\" target=\"_blank\" rel=\"noopener\">Resumen de la pol\u00edtica sobre conflictos de intereses<\/a><\/p>\n\n\n\n\n<p class=\"mb-2\"><a href=\"\/wp-content\/themes\/theforest\/images\/Complaint-Procedure-Policy_Sep.pdf\" target=\"_blank\" rel=\"noopener\">Pol\u00edtica de reclamaciones<\/a><\/p>\n\n\n\n\n<p class=\"mb-2\"><a href=\"\/wp-content\/themes\/theforest\/images\/Corporate-Application.pdf\" target=\"_blank\" rel=\"noopener\">Aplicaci\u00f3n empresarial<\/a><\/p>\n\n\n\n<\/div>\n\n\n\n\n<div class=\"col-4 text-center\" style=\"text-align: left !important;\">\n\n\n<p class=\"mb-2\"><a href=\"\/wp-content\/themes\/theforest\/images\/Affiliate-Agreement_May.pdf\" target=\"_blank\" rel=\"noopener\">Acuerdo de afiliaci\u00f3n<\/a><\/p>\n\n\n\n\n<p class=\"mb-2\"><a href=\"\/wp-content\/themes\/theforest\/images\/Fair-Usage-Policy_Nov.pdf\" target=\"_blank\" rel=\"noopener\">Pol\u00edtica de uso de Fairy<\/a><\/p>\n\n\n\n\n<p class=\"mb-2\"><a href=\"\/wp-content\/themes\/theforest\/images\/B2B_Transfer_Jan.pdf\" target=\"_blank\" rel=\"noopener\">Transferencia de agente a agente<\/a><\/p>\n\n\n\n\n<p class=\"mb-2\"><a href=\"\/wp-content\/themes\/theforest\/images\/Broker-Agreement_May.pdf\" target=\"_blank\" rel=\"noopener\">Agente Introductor<\/a><\/p>\n\n\n\n<\/div>\n\n\n<\/div>\n\n\n<\/div>\n\n\n<\/div>\n\n\n--><\/p>\n<\/div>\n<\/section>\n<p><\/main><\/p>\n","protected":false},"excerpt":{"rendered":"<p>investingcy es un broker de divisas y CFDs reconocido a nivel mundial y regulado desde 2012. Estamos presentes en m\u00e1s de 15 pa\u00edses y ofrecemos condiciones de negociaci\u00f3n competitivas y un servicio al cliente de primera calidad en todo el mundo. Nuestro equipo directivo cuenta con m\u00e1s de 10 a\u00f1os de experiencia en el sector [&hellip;]<\/p>\n","protected":false},"author":2,"featured_media":0,"parent":0,"menu_order":0,"comment_status":"closed","ping_status":"closed","template":"page-with-slider.php","meta":{"footnotes":""},"class_list":["post-952","page","type-page","status-publish","hentry"],"_links":{"self":[{"href":"https:\/\/investingcy.com\/es\/wp-json\/wp\/v2\/pages\/952","targetHints":{"allow":["GET"]}}],"collection":[{"href":"https:\/\/investingcy.com\/es\/wp-json\/wp\/v2\/pages"}],"about":[{"href":"https:\/\/investingcy.com\/es\/wp-json\/wp\/v2\/types\/page"}],"author":[{"embeddable":true,"href":"https:\/\/investingcy.com\/es\/wp-json\/wp\/v2\/users\/2"}],"replies":[{"embeddable":true,"href":"https:\/\/investingcy.com\/es\/wp-json\/wp\/v2\/comments?post=952"}],"version-history":[{"count":5,"href":"https:\/\/investingcy.com\/es\/wp-json\/wp\/v2\/pages\/952\/revisions"}],"predecessor-version":[{"id":963,"href":"https:\/\/investingcy.com\/es\/wp-json\/wp\/v2\/pages\/952\/revisions\/963"}],"wp:attachment":[{"href":"https:\/\/investingcy.com\/es\/wp-json\/wp\/v2\/media?parent=952"}],"curies":[{"name":"wp","href":"https:\/\/api.w.org\/{rel}","templated":true}]}}